{"id":54,"date":"2024-07-22T11:56:52","date_gmt":"2024-07-22T09:56:52","guid":{"rendered":"https:\/\/horizonbilingue.wordpress.com\/?page_id=54"},"modified":"2024-07-22T11:56:52","modified_gmt":"2024-07-22T09:56:52","slug":"nos-valeurs","status":"publish","type":"page","link":"https:\/\/horizonbilingue.com\/fr\/bienvenue\/nos-valeurs\/","title":{"rendered":"Nos valeurs"},"content":{"rendered":"\n<p><strong>Bienveillance<\/strong> <\/p>\n\n\n\n<p>Nous croyons en la bienveillance envers chaque individu de notre communaut\u00e9 scolaire. Nous encourageons un environnement dans lequel chacun se sent respect\u00e9, soutenu et valoris\u00e9.<\/p>\n\n\n\n<p><strong>Respect<\/strong><\/p>\n\n\n\n<p>Le respect mutuel, incluant le respect de soi, le respect des autres, et le respect de l\u2019environnement, est au c\u0153ur de notre \u00e9tablissement. Nous valorisons la diversit\u00e9 des cultures et des perspectives, et nous encourageons chacun \u00e0 respecter les diff\u00e9rences et \u00e0 traiter les autres avec consid\u00e9ration.<\/p>\n\n\n\n<p><strong>Confiance<\/strong> <\/p>\n\n\n\n<p>Nous encourageons nos \u00e9l\u00e8ves \u00e0 d\u00e9velopper la confiance en eux-m\u00eames et en leurs capacit\u00e9s. Nous croyons en un environnement o\u00f9 chacun se sent en s\u00e9curit\u00e9 pour prendre des risques, faires des erreurs et apprendre de nouvelles choses.<\/p>\n\n\n\n<p><strong>\u00c9coute<\/strong><\/p>\n\n\n\n<p>L\u2019\u00e9coute active est une comp\u00e9tence essentielle que nous encourageons chez nos \u00e9l\u00e8ves et notre personnel. Nous valorisons la capacit\u00e9 \u00e0 \u00e9couter attentivement les autres, \u00e0 comprendre diff\u00e9rents points de vue et \u00e0 communiquer de mani\u00e8re efficace.<\/p>\n\n\n\n<p><strong>Responsabilit\u00e9<\/strong> <\/p>\n\n\n\n<p>Nous enseignons \u00e0 nos \u00e9l\u00e8ves l\u2019importance d\u2019assumer la responsabilit\u00e9 de leurs actions et de leurs choix. Nous les encourageons \u00e0 \u00eatre des citoyens responsables, tant au sein de notre communaut\u00e9 qu\u2019\u00e0 l\u2019\u00e9chelle mondiale.<\/p>\n\n\n\n<p><strong>Coop\u00e9ration<\/strong><\/p>\n\n\n\n<p>La coop\u00e9ration et le travail d\u2019\u00e9quipe sont au c\u0153ur de notre approche \u00e9ducative. Nous encourageons nos \u00e9l\u00e8ves \u00e0 travailler ensemble, \u00e0 partager leurs connaissances et leurs comp\u00e9tences, et \u00e0 apprendre les uns des autres.<\/p>\n","protected":false},"excerpt":{"rendered":"<p>Bienveillance Nous croyons en la bienveillance envers chaque individu de notre communaut\u00e9 scolaire. Nous encourageons un environnement dans lequel chacun se sent respect\u00e9, soutenu et valoris\u00e9. Respect Le respect mutuel, incluant le respect de soi, le respect des autres, et le respect de l\u2019environnement, est au c\u0153ur de notre \u00e9tablissement. Nous valorisons la diversit\u00e9 des [&hellip;]<\/p>\n","protected":false},"author":1,"featured_media":0,"parent":52,"menu_order":1,"comment_status":"closed","ping_status":"closed","template":"","meta":{"footnotes":""},"class_list":["post-54","page","type-page","status-publish","hentry"],"_links":{"self":[{"href":"https:\/\/horizonbilingue.com\/fr\/wp-json\/wp\/v2\/pages\/54","targetHints":{"allow":["GET"]}}],"collection":[{"href":"https:\/\/horizonbilingue.com\/fr\/wp-json\/wp\/v2\/pages"}],"about":[{"href":"https:\/\/horizonbilingue.com\/fr\/wp-json\/wp\/v2\/types\/page"}],"author":[{"embeddable":true,"href":"https:\/\/horizonbilingue.com\/fr\/wp-json\/wp\/v2\/users\/1"}],"replies":[{"embeddable":true,"href":"https:\/\/horizonbilingue.com\/fr\/wp-json\/wp\/v2\/comments?post=54"}],"version-history":[{"count":0,"href":"https:\/\/horizonbilingue.com\/fr\/wp-json\/wp\/v2\/pages\/54\/revisions"}],"up":[{"embeddable":true,"href":"https:\/\/horizonbilingue.com\/fr\/wp-json\/wp\/v2\/pages\/52"}],"wp:attachment":[{"href":"https:\/\/horizonbilingue.com\/fr\/wp-json\/wp\/v2\/media?parent=54"}],"curies":[{"name":"wp","href":"https:\/\/api.w.org\/{rel}","templated":true}]}}