{"id":52,"date":"2024-07-22T11:44:39","date_gmt":"2024-07-22T09:44:39","guid":{"rendered":"https:\/\/horizonbilingue.wordpress.com\/bienvenue\/"},"modified":"2025-09-21T09:15:09","modified_gmt":"2025-09-21T09:15:09","slug":"bienvenue","status":"publish","type":"page","link":"https:\/\/horizonbilingue.com\/fr\/bienvenue\/","title":{"rendered":"Bienvenue"},"content":{"rendered":"\n<figure class=\"wp-block-image aligncenter size-large is-resized wp-duotone-unset-1\"><img loading=\"lazy\" decoding=\"async\" width=\"768\" height=\"1024\" src=\"https:\/\/horizonbilingue.com\/wp-content\/uploads\/2024\/11\/WhatsApp-Image-2024-11-02-at-14.43.42-1-768x1024.jpeg\" alt=\"\" class=\"wp-image-283\" style=\"width:421px;height:auto\" srcset=\"https:\/\/horizonbilingue.com\/wp-content\/uploads\/2024\/11\/WhatsApp-Image-2024-11-02-at-14.43.42-1-768x1024.jpeg 768w, https:\/\/horizonbilingue.com\/wp-content\/uploads\/2024\/11\/WhatsApp-Image-2024-11-02-at-14.43.42-1-225x300.jpeg 225w, https:\/\/horizonbilingue.com\/wp-content\/uploads\/2024\/11\/WhatsApp-Image-2024-11-02-at-14.43.42-1-1152x1536.jpeg 1152w, https:\/\/horizonbilingue.com\/wp-content\/uploads\/2024\/11\/WhatsApp-Image-2024-11-02-at-14.43.42-1.jpeg 1530w\" sizes=\"auto, (max-width: 768px) 100vw, 768px\" \/><\/figure>\n\n\n\n<p>Bienvenue dans notre coll\u00e8ge bilingue fran\u00e7ais-anglais, un \u00e9tablissement la\u00efque o\u00f9 nous souhaitons offrir une \u00e9ducation bas\u00e9e sur les valeurs fondamentales de bienveillance, de respect, de confiance, d\u2019\u00e9coute, de responsabilit\u00e9 et de coop\u00e9ration. Notre objectif principal est de proposer un environnement d\u2019apprentissage enrichissant, favorisant le d\u00e9veloppement global de chaque \u00e9l\u00e8ve, tout en le pr\u00e9parant \u00e0 devenir un citoyen du monde conscient et responsable. Nous visons \u00e9galement \u00e0 pr\u00e9parer nos \u00e9l\u00e8ves \u00e0 r\u00e9ussir \u00e0 la fois le brevet des coll\u00e8ges et l\u2019IGCSE, offrant ainsi une base solide pour leur avenir acad\u00e9mique et professionnel.<\/p>\n\n\n\n<p>Port\u00e9 par une vision \u00e9ducative ouverte et ambitieuse, le coll\u00e8ge Horizon Bilingue a accueilli ses premiers \u00e9l\u00e8ves en septembre 2024, une dizaine d\u2019enfants r\u00e9partis entre le CM2, la 6e et la 5e. Un an plus tard, en septembre 2025, nous comptons une classe de 12 \u00e9l\u00e8ves, r\u00e9partis entre la 6e, la 5e et la 4e. Situ\u00e9 dans un environnement accueillant et stimulant, notre \u00e9tablissement propose un enseignement de qualit\u00e9 qui int\u00e8gre harmonieusement les normes \u00e9ducatives fran\u00e7aises et britanniques. Inspir\u00e9s par les principes p\u00e9dagogiques de Maria Montessori, nous concevons des exp\u00e9riences d\u2019apprentissage concr\u00e8tes et interactives, encourageant les \u00e9l\u00e8ves \u00e0 explorer, exp\u00e9rimenter et d\u00e9couvrir par eux-m\u00eames, tout en d\u00e9veloppant leur autonomie et leur curiosit\u00e9.<\/p>\n\n\n\n<p><br><\/p>\n\n\n\n<p><em><a href=\"https:\/\/horizonbilingue.com\/bienvenue\/nos-valeurs\/\" data-type=\"page\" data-id=\"54\">Nos valeurs<\/a><\/em><\/p>\n\n\n\n<p><em><a href=\"https:\/\/horizonbilingue.com\/bienvenue\/nos-principes-pedagogiques\/\" data-type=\"page\" data-id=\"61\">Nos principes p\u00e9dagogiques<\/a><\/em><\/p>\n\n\n\n<p><em><a href=\"https:\/\/horizonbilingue.com\/bienvenue\/les-enseignements\/\" data-type=\"page\" data-id=\"113\">Les enseignements<\/a><\/em><\/p>\n\n\n\n<p><em><a href=\"https:\/\/horizonbilingue.com\/bienvenue\/levaluation-des-competences\/\" data-type=\"page\" data-id=\"142\">L&rsquo;\u00e9valuation des comp\u00e9tences<\/a><\/em><\/p>\n\n\n\n<p><em><a href=\"https:\/\/horizonbilingue.com\/bienvenue\/lequipe-enseignante\/\" data-type=\"page\" data-id=\"137\">L&rsquo;\u00e9quipe enseignante<\/a><\/em><\/p>\n\n\n\n<p><em><a href=\"https:\/\/horizonbilingue.com\/bienvenue\/laccueil-denfants-atteints-de-difficultes\/\" data-type=\"page\" data-id=\"126\">L&rsquo;accueil d&rsquo;enfants atteints de difficult\u00e9s<\/a><\/em><\/p>\n\n\n\n<p><em><a href=\"https:\/\/horizonbilingue.com\/bienvenue\/une-journee-au-college-bilingue\/\" data-type=\"page\" data-id=\"118\">Une journ\u00e9e au coll\u00e8ge bilingue<\/a><\/em><\/p>\n\n\n\n<p><em><a href=\"https:\/\/horizonbilingue.com\/bienvenue\/les-engagements-de-chacun\/\" data-type=\"page\" data-id=\"115\">Les engagements de chacun<\/a><\/em><\/p>\n\n\n\n<p><\/p>\n","protected":false},"excerpt":{"rendered":"<p>Bienvenue dans notre coll\u00e8ge bilingue fran\u00e7ais-anglais, un \u00e9tablissement la\u00efque o\u00f9 nous souhaitons offrir une \u00e9ducation bas\u00e9e sur les valeurs fondamentales de bienveillance, de respect, de confiance, d\u2019\u00e9coute, de responsabilit\u00e9 et de coop\u00e9ration. Notre objectif principal est de proposer un environnement d\u2019apprentissage enrichissant, favorisant le d\u00e9veloppement global de chaque \u00e9l\u00e8ve, tout en le pr\u00e9parant \u00e0 devenir [&hellip;]<\/p>\n","protected":false},"author":1,"featured_media":0,"parent":0,"menu_order":0,"comment_status":"closed","ping_status":"closed","template":"","meta":{"footnotes":""},"class_list":["post-52","page","type-page","status-publish","hentry"],"_links":{"self":[{"href":"https:\/\/horizonbilingue.com\/fr\/wp-json\/wp\/v2\/pages\/52","targetHints":{"allow":["GET"]}}],"collection":[{"href":"https:\/\/horizonbilingue.com\/fr\/wp-json\/wp\/v2\/pages"}],"about":[{"href":"https:\/\/horizonbilingue.com\/fr\/wp-json\/wp\/v2\/types\/page"}],"author":[{"embeddable":true,"href":"https:\/\/horizonbilingue.com\/fr\/wp-json\/wp\/v2\/users\/1"}],"replies":[{"embeddable":true,"href":"https:\/\/horizonbilingue.com\/fr\/wp-json\/wp\/v2\/comments?post=52"}],"version-history":[{"count":5,"href":"https:\/\/horizonbilingue.com\/fr\/wp-json\/wp\/v2\/pages\/52\/revisions"}],"predecessor-version":[{"id":382,"href":"https:\/\/horizonbilingue.com\/fr\/wp-json\/wp\/v2\/pages\/52\/revisions\/382"}],"wp:attachment":[{"href":"https:\/\/horizonbilingue.com\/fr\/wp-json\/wp\/v2\/media?parent=52"}],"curies":[{"name":"wp","href":"https:\/\/api.w.org\/{rel}","templated":true}]}}