{"id":199,"date":"2024-08-15T14:30:18","date_gmt":"2024-08-15T12:30:18","guid":{"rendered":"https:\/\/horizonbilingue.wordpress.com\/a-propos-2\/"},"modified":"2024-08-15T14:30:18","modified_gmt":"2024-08-15T12:30:18","slug":"a-propos-2","status":"publish","type":"page","link":"https:\/\/horizonbilingue.com\/fr\/a-propos-2\/","title":{"rendered":"\u00c0 propos"},"content":{"rendered":"\n<div class=\"wp-block-group alignfull has-global-padding is-content-justification-center is-layout-constrained wp-container-core-group-is-layout-df757ecc wp-block-group-is-layout-constrained\" style=\"margin-top:0;margin-bottom:0;padding-top:calc( 0.5 * var(--wp--style--root--padding-right, var(--wp--custom--gap--horizontal)));padding-right:var(--wp--style--root--padding-right, var(--wp--custom--gap--horizontal));padding-bottom:calc( 0.5 * var(--wp--style--root--padding-right, var(--wp--custom--gap--horizontal)));padding-left:var(--wp--style--root--padding-left, var(--wp--custom--gap--horizontal))\">\n<div style=\"height:calc( 0.25 * var(--wp--style--root--padding-right, var(--wp--custom--gap--horizontal)))\" aria-hidden=\"true\" class=\"wp-block-spacer\"><\/div>\n\n\n\n<div class=\"wp-block-columns alignwide is-layout-flex wp-container-core-columns-is-layout-28f84493 wp-block-columns-is-layout-flex\">\n<div class=\"wp-block-column is-layout-flow wp-container-core-column-is-layout-22223934 wp-block-column-is-layout-flow\" style=\"flex-basis:50%\">\n<h2 class=\"wp-block-heading\">Notre histoire<\/h2>\n<\/div>\n\n\n\n<div class=\"wp-block-column is-layout-flow wp-block-column-is-layout-flow\" style=\"flex-basis:50%\">\n<p>L\u2019histoire commence \u00e0 l\u2019automne 2023. Nous sommes alors plusieurs mamans \u00e0 discuter des options pour nos enfants pour l\u2019entr\u00e9e au coll\u00e8ge l\u2019ann\u00e9e suivante \u2013 aucune de celles que nous envisageons ne nous satisfait pleinement. L\u2019une d\u2019entre nous \u00e9met alors une id\u00e9e qui nous parait d\u2019abord un peu folle : puisqu\u2019il n\u2019y a pas de coll\u00e8ge qui nous plaise, pourquoi ne pas en cr\u00e9er un ? De fil en aiguille, l\u2019id\u00e9e se transforme en projet. Une enseignante anglophone que nous connaissons tr\u00e8s bien est emball\u00e9e, disponible l\u2019ann\u00e9e suivante, et m\u00eame pr\u00eate \u00e0 accueillir au moins pour un temps cette \u00e9cole chez elle ! Les dossiers administratifs se montent, d\u2019autres familles rejoignent le projet, l\u2019\u00e9quipe p\u00e9dagogique se construit, et nous voil\u00e0 pr\u00eats \u00e0 d\u00e9marrer l\u2019aventure !!<\/p>\n\n\n\n<p><\/p>\n<\/div>\n<\/div>\n\n\n\n<div style=\"height:calc( 0.25 * var(--wp--style--root--padding-right, var(--wp--custom--gap--horizontal)))\" aria-hidden=\"true\" class=\"wp-block-spacer\"><\/div>\n<\/div>\n\n\n\n<div class=\"wp-block-group alignfull has-global-padding is-content-justification-center is-layout-constrained wp-container-core-group-is-layout-df757ecc wp-block-group-is-layout-constrained\" style=\"margin-top:0;margin-bottom:0;padding-top:calc( 0.5 * var(--wp--style--root--padding-right, var(--wp--custom--gap--horizontal)));padding-right:var(--wp--style--root--padding-right, var(--wp--custom--gap--horizontal));padding-bottom:calc( 0.5 * var(--wp--style--root--padding-right, var(--wp--custom--gap--horizontal)));padding-left:var(--wp--style--root--padding-left, var(--wp--custom--gap--horizontal))\">\n<div style=\"height:calc( 0.25 * var(--wp--style--root--padding-right, var(--wp--custom--gap--horizontal)))\" aria-hidden=\"true\" class=\"wp-block-spacer\"><\/div>\n\n\n\n<div style=\"height:calc( 0.25 * var(--wp--style--root--padding-right, var(--wp--custom--gap--horizontal)))\" aria-hidden=\"true\" class=\"wp-block-spacer\"><\/div>\n<\/div>\n","protected":false},"excerpt":{"rendered":"<p>Notre histoire L\u2019histoire commence \u00e0 l\u2019automne 2023. Nous sommes alors plusieurs mamans \u00e0 discuter des options pour nos enfants pour l\u2019entr\u00e9e au coll\u00e8ge l\u2019ann\u00e9e suivante \u2013 aucune de celles que nous envisageons ne nous satisfait pleinement. L\u2019une d\u2019entre nous \u00e9met alors une id\u00e9e qui nous parait d\u2019abord un peu folle : puisqu\u2019il n\u2019y a pas [&hellip;]<\/p>\n","protected":false},"author":1,"featured_media":0,"parent":0,"menu_order":0,"comment_status":"closed","ping_status":"closed","template":"","meta":{"footnotes":""},"class_list":["post-199","page","type-page","status-publish","hentry"],"_links":{"self":[{"href":"https:\/\/horizonbilingue.com\/fr\/wp-json\/wp\/v2\/pages\/199","targetHints":{"allow":["GET"]}}],"collection":[{"href":"https:\/\/horizonbilingue.com\/fr\/wp-json\/wp\/v2\/pages"}],"about":[{"href":"https:\/\/horizonbilingue.com\/fr\/wp-json\/wp\/v2\/types\/page"}],"author":[{"embeddable":true,"href":"https:\/\/horizonbilingue.com\/fr\/wp-json\/wp\/v2\/users\/1"}],"replies":[{"embeddable":true,"href":"https:\/\/horizonbilingue.com\/fr\/wp-json\/wp\/v2\/comments?post=199"}],"version-history":[{"count":0,"href":"https:\/\/horizonbilingue.com\/fr\/wp-json\/wp\/v2\/pages\/199\/revisions"}],"wp:attachment":[{"href":"https:\/\/horizonbilingue.com\/fr\/wp-json\/wp\/v2\/media?parent=199"}],"curies":[{"name":"wp","href":"https:\/\/api.w.org\/{rel}","templated":true}]}}