{"id":137,"date":"2024-07-24T14:14:15","date_gmt":"2024-07-24T12:14:15","guid":{"rendered":"https:\/\/horizonbilingue.wordpress.com\/lequipe-enseignante\/"},"modified":"2026-04-29T09:28:47","modified_gmt":"2026-04-29T09:28:47","slug":"lequipe-enseignante","status":"publish","type":"page","link":"https:\/\/horizonbilingue.com\/fr\/bienvenue\/lequipe-enseignante\/","title":{"rendered":"L&rsquo;\u00e9quipe enseignante"},"content":{"rendered":"\n<p>Notre \u00e9quipe enseignante est compos\u00e9e de professionnels passionn\u00e9s et hautement qualifi\u00e9s, engag\u00e9s \u00e0 offrir une \u00e9ducation de qualit\u00e9 qui favorise le d\u00e9veloppement global de chaque \u00e9l\u00e8ve. A la t\u00eate de notre \u00e9tablissement, nous avons la chance d&rsquo;avoir une enseignante de langue anglaise, Carrie, dipl\u00f4m\u00e9e en sciences et en musique, et form\u00e9e \u00e0 la p\u00e9dagogie Montessori. Son exp\u00e9rience de pr\u00e8s de 20 ans dans l\u2019enseignement \u00e0 des enfants entre 5 et 19 ans, ses comp\u00e9tences remarquables en communication interpersonnelle, et son approche centr\u00e9e sur les besoins des \u00e9l\u00e8ves, offrent aux \u00e9l\u00e8ves des opportunit\u00e9 de d\u00e9veloppement uniques. L&rsquo;enseignement du fran\u00e7ais est assur\u00e9 par Olivier, qui transmet \u00e9galement sa passion pour l&rsquo;histoire et la g\u00e9ographie; enseignant depuis plus de 10 ans, il combine une exp\u00e9rience de formateur en entreprise, et d&rsquo;enseignant en secondaire et dans l&rsquo;enseignement sup\u00e9rieur. Julia, avec son exp\u00e9rience professionnelle dans l\u2019industrie, dans les arts cr\u00e9atifs, et dans l\u2019\u00e9ducation, apporte de son c\u00f4t\u00e9 sa passion pour la cr\u00e9ativit\u00e9 et l\u2019expression artistique, encourageant nos \u00e9l\u00e8ves \u00e0 d\u00e9velopper leur imagination et cultiver leur sensibilit\u00e9 esth\u00e9tique. Gr\u00e2ce \u00e0 Carmen et ses 10 ans d&rsquo;exp\u00e9rience avec les adolescents et les adultes, les enfants commencent \u00e0 parler espagnol\u00a0; forte de sa formation \u00e0 l&rsquo;Institut Cervant\u00e8s, elle est passionn\u00e9e par la culture espagnole et latino-am\u00e9ricaine et se consacre \u00e0 transmettre cette passion \u00e0 ses \u00e9l\u00e8ves.\u00a0 L&rsquo;\u00e9quipe est compl\u00e9t\u00e9e par Natacha, coach sportif depuis plus de 15 ans, qui donne du peps \u00e0 nos jeunes, dans la joie et la bonne humeur ! L&rsquo;harmonie et la compl\u00e9mentarit\u00e9 au sein de l&rsquo;\u00e9quipe enseignante renforcent notre capacit\u00e9 \u00e0 offrir une \u00e9ducation holistique et de qualit\u00e9, r\u00e9pondant aux besoins vari\u00e9s de nos \u00e9l\u00e8ves. <\/p>\n","protected":false},"excerpt":{"rendered":"<p>Notre \u00e9quipe enseignante est compos\u00e9e de professionnels passionn\u00e9s et hautement qualifi\u00e9s, engag\u00e9s \u00e0 offrir une \u00e9ducation de qualit\u00e9 qui favorise le d\u00e9veloppement global de chaque \u00e9l\u00e8ve. A la t\u00eate de notre \u00e9tablissement, nous avons la chance d&rsquo;avoir une enseignante de langue anglaise, Carrie, dipl\u00f4m\u00e9e en sciences et en musique, et form\u00e9e \u00e0 la p\u00e9dagogie Montessori. [&hellip;]<\/p>\n","protected":false},"author":1,"featured_media":0,"parent":52,"menu_order":5,"comment_status":"closed","ping_status":"closed","template":"","meta":{"footnotes":""},"class_list":["post-137","page","type-page","status-publish","hentry"],"_links":{"self":[{"href":"https:\/\/horizonbilingue.com\/fr\/wp-json\/wp\/v2\/pages\/137","targetHints":{"allow":["GET"]}}],"collection":[{"href":"https:\/\/horizonbilingue.com\/fr\/wp-json\/wp\/v2\/pages"}],"about":[{"href":"https:\/\/horizonbilingue.com\/fr\/wp-json\/wp\/v2\/types\/page"}],"author":[{"embeddable":true,"href":"https:\/\/horizonbilingue.com\/fr\/wp-json\/wp\/v2\/users\/1"}],"replies":[{"embeddable":true,"href":"https:\/\/horizonbilingue.com\/fr\/wp-json\/wp\/v2\/comments?post=137"}],"version-history":[{"count":3,"href":"https:\/\/horizonbilingue.com\/fr\/wp-json\/wp\/v2\/pages\/137\/revisions"}],"predecessor-version":[{"id":401,"href":"https:\/\/horizonbilingue.com\/fr\/wp-json\/wp\/v2\/pages\/137\/revisions\/401"}],"up":[{"embeddable":true,"href":"https:\/\/horizonbilingue.com\/fr\/wp-json\/wp\/v2\/pages\/52"}],"wp:attachment":[{"href":"https:\/\/horizonbilingue.com\/fr\/wp-json\/wp\/v2\/media?parent=137"}],"curies":[{"name":"wp","href":"https:\/\/api.w.org\/{rel}","templated":true}]}}