{"id":115,"date":"2024-07-24T13:40:25","date_gmt":"2024-07-24T11:40:25","guid":{"rendered":"https:\/\/horizonbilingue.wordpress.com\/les-engagements-de-chacun\/"},"modified":"2024-07-24T13:40:25","modified_gmt":"2024-07-24T11:40:25","slug":"les-engagements-de-chacun","status":"publish","type":"page","link":"https:\/\/horizonbilingue.com\/fr\/bienvenue\/les-engagements-de-chacun\/","title":{"rendered":"Les engagements de chacun"},"content":{"rendered":"\n<p>Nous sommes profond\u00e9ment convaincus que l\u2019\u00e9ducation est un effort collaboratif impliquant l\u2019engagement actif de chaque membre de la communaut\u00e9 \u00e9ducative. Ainsi, enseignants, parents et \u00e9l\u00e8ves jouent un r\u00f4le crucial dans la r\u00e9alisation de notre vision \u00e9ducative. Dans le cadre de notre engagement envers la qualit\u00e9 de l\u2019\u00e9ducation et le respect des valeurs de notre \u00e9cole, chaque partie s\u2019engage \u00e0 signer notre charte de l\u2019\u00e9cole. Cette charte incarne nos valeurs fondamentales de bienveillance, de respect, de coop\u00e9ration, d\u2019autonomie et de communication, et symbolise notre volont\u00e9 commune de cr\u00e9er un environnement d\u2019apprentissage enrichissant et inclusif. Les enseignants s\u2019engagent \u00e0 guider et \u00e0 soutenir les \u00e9l\u00e8ves dans leur parcours \u00e9ducatif, en veillant \u00e0 ce qu\u2019ils re\u00e7oivent une \u00e9ducation de qualit\u00e9 et \u00e0 ce qu\u2019ils d\u00e9veloppent leur plein potentiel. Les parents s\u2019engagent \u00e0 soutenir l\u2019\u00e9ducation de leurs enfants en encourageant leur apprentissage, en communiquant r\u00e9guli\u00e8rement avec l\u2019\u00e9cole et en participant activement \u00e0 la vie scolaire. Quant aux \u00e9l\u00e8ves, ils s\u2019engagent \u00e0 respecter les r\u00e8gles de l\u2019\u00e9cole, \u00e0 faire preuve de diligence dans leurs \u00e9tudes et \u00e0 contribuer de mani\u00e8re positive \u00e0 la communaut\u00e9 \u00e9ducative. En signant la charte de l\u2019\u00e9cole, chaque membre de notre communaut\u00e9 reconna\u00eet son r\u00f4le et sa responsabilit\u00e9 dans la r\u00e9ussite de notre projet \u00e9ducatif et t\u00e9moigne de son d\u00e9sir sinc\u00e8re de participer activement \u00e0 ce projet.<\/p>\n","protected":false},"excerpt":{"rendered":"<p>Nous sommes profond\u00e9ment convaincus que l\u2019\u00e9ducation est un effort collaboratif impliquant l\u2019engagement actif de chaque membre de la communaut\u00e9 \u00e9ducative. Ainsi, enseignants, parents et \u00e9l\u00e8ves jouent un r\u00f4le crucial dans la r\u00e9alisation de notre vision \u00e9ducative. Dans le cadre de notre engagement envers la qualit\u00e9 de l\u2019\u00e9ducation et le respect des valeurs de notre \u00e9cole, [&hellip;]<\/p>\n","protected":false},"author":1,"featured_media":0,"parent":52,"menu_order":8,"comment_status":"closed","ping_status":"closed","template":"","meta":{"footnotes":""},"class_list":["post-115","page","type-page","status-publish","hentry"],"_links":{"self":[{"href":"https:\/\/horizonbilingue.com\/fr\/wp-json\/wp\/v2\/pages\/115","targetHints":{"allow":["GET"]}}],"collection":[{"href":"https:\/\/horizonbilingue.com\/fr\/wp-json\/wp\/v2\/pages"}],"about":[{"href":"https:\/\/horizonbilingue.com\/fr\/wp-json\/wp\/v2\/types\/page"}],"author":[{"embeddable":true,"href":"https:\/\/horizonbilingue.com\/fr\/wp-json\/wp\/v2\/users\/1"}],"replies":[{"embeddable":true,"href":"https:\/\/horizonbilingue.com\/fr\/wp-json\/wp\/v2\/comments?post=115"}],"version-history":[{"count":0,"href":"https:\/\/horizonbilingue.com\/fr\/wp-json\/wp\/v2\/pages\/115\/revisions"}],"up":[{"embeddable":true,"href":"https:\/\/horizonbilingue.com\/fr\/wp-json\/wp\/v2\/pages\/52"}],"wp:attachment":[{"href":"https:\/\/horizonbilingue.com\/fr\/wp-json\/wp\/v2\/media?parent=115"}],"curies":[{"name":"wp","href":"https:\/\/api.w.org\/{rel}","templated":true}]}}