{"id":52,"date":"2024-07-22T11:44:39","date_gmt":"2024-07-22T09:44:39","guid":{"rendered":"https:\/\/horizonbilingue.wordpress.com\/bienvenue\/"},"modified":"2025-09-21T09:15:09","modified_gmt":"2025-09-21T09:15:09","slug":"bienvenue","status":"publish","type":"page","link":"http:\/\/horizonbilingue.com\/en\/bienvenue\/","title":{"rendered":"Welcome"},"content":{"rendered":"<figure class=\"wp-block-image aligncenter size-large is-resized wp-duotone-unset-1\"><img loading=\"lazy\" decoding=\"async\" width=\"768\" height=\"1024\" src=\"https:\/\/horizonbilingue.com\/wp-content\/uploads\/2024\/11\/WhatsApp-Image-2024-11-02-at-14.43.42-1-768x1024.jpeg\" alt=\"\" class=\"wp-image-283\" style=\"width:421px;height:auto\" srcset=\"https:\/\/horizonbilingue.com\/wp-content\/uploads\/2024\/11\/WhatsApp-Image-2024-11-02-at-14.43.42-1-768x1024.jpeg 768w, https:\/\/horizonbilingue.com\/wp-content\/uploads\/2024\/11\/WhatsApp-Image-2024-11-02-at-14.43.42-1-225x300.jpeg 225w, https:\/\/horizonbilingue.com\/wp-content\/uploads\/2024\/11\/WhatsApp-Image-2024-11-02-at-14.43.42-1-1152x1536.jpeg 1152w, https:\/\/horizonbilingue.com\/wp-content\/uploads\/2024\/11\/WhatsApp-Image-2024-11-02-at-14.43.42-1.jpeg 1530w\" sizes=\"auto, (max-width: 768px) 100vw, 768px\" \/><\/figure>\n\n\n\n<p>Welcome to our bilingual French-English middle school, a secular institution where we aim to provide an education grounded in the core values of kindness, respect, trust, active listening, responsibility, and cooperation. Our primary goal is to offer a rich learning environment that supports the holistic development of each student, while preparing them to become conscious and responsible global citizens. We also strive to prepare our students for success in both the French national diploma (brevet des coll\u00e8ges) and the IGCSE, thereby providing a strong foundation for their academic and professional future.<\/p>\n\n\n\n<p>Driven by an open and ambitious educational vision, Horizon Bilingue Middle School welcomed its first students in September 2024 - a small group of ten children from CM2, Year 7 and Year 8. One year later, in September 2025, we now have a class of 12 students across Year 7, Year 8 and Year 9. Located in a welcoming and stimulating environment, our school offers high-quality teaching that harmoniously integrates both French and British educational standards. Inspired by the pedagogical principles of Maria Montessori, we design concrete and interactive learning experiences that encourage students to explore, experiment and discover independently, while nurturing their autonomy and curiosity.<\/p>\n\n\n\n<p><br><\/p>\n\n\n\n<p><em><a href=\"https:\/\/horizonbilingue.com\/en\/bienvenue\/nos-valeurs\/\" data-type=\"page\" data-id=\"54\">Our values<\/a><\/em><\/p>\n\n\n\n<p><em><a href=\"https:\/\/horizonbilingue.com\/en\/bienvenue\/nos-principes-pedagogiques\/\" data-type=\"page\" data-id=\"61\">Our pedagogical principles<\/a><\/em><\/p>\n\n\n\n<p><em><a href=\"https:\/\/horizonbilingue.com\/en\/bienvenue\/les-enseignements\/\" data-type=\"page\" data-id=\"113\">The curriculum<\/a><\/em><\/p>\n\n\n\n<p><em><a href=\"https:\/\/horizonbilingue.com\/en\/bienvenue\/levaluation-des-competences\/\" data-type=\"page\" data-id=\"142\">Assessments<\/a><\/em><\/p>\n\n\n\n<p><em><a href=\"https:\/\/horizonbilingue.com\/en\/bienvenue\/lequipe-enseignante\/\" data-type=\"page\" data-id=\"137\">Teaching staff<\/a><\/em><\/p>\n\n\n\n<p><em><a href=\"https:\/\/horizonbilingue.com\/en\/bienvenue\/laccueil-denfants-atteints-de-difficultes\/\" data-type=\"page\" data-id=\"126\">Welcoming children with difficulties<\/a><\/em><\/p>\n\n\n\n<p><em><a href=\"https:\/\/horizonbilingue.com\/en\/bienvenue\/une-journee-au-college-bilingue\/\" data-type=\"page\" data-id=\"118\">A day at our bilingual school<\/a><\/em><\/p>\n\n\n\n<p><em><a href=\"https:\/\/horizonbilingue.com\/en\/bienvenue\/les-engagements-de-chacun\/\" data-type=\"page\" data-id=\"115\">Our respective commitments<\/a><\/em><\/p>\n\n\n\n<p><\/p>","protected":false},"excerpt":{"rendered":"<p>Bienvenue dans notre coll\u00e8ge bilingue fran\u00e7ais-anglais, un \u00e9tablissement la\u00efque o\u00f9 nous souhaitons offrir une \u00e9ducation bas\u00e9e sur les valeurs fondamentales de bienveillance, de respect, de confiance, d\u2019\u00e9coute, de responsabilit\u00e9 et de coop\u00e9ration. Notre objectif principal est de proposer un environnement d\u2019apprentissage enrichissant, favorisant le d\u00e9veloppement global de chaque \u00e9l\u00e8ve, tout en le pr\u00e9parant \u00e0 devenir [&hellip;]<\/p>\n","protected":false},"author":1,"featured_media":0,"parent":0,"menu_order":0,"comment_status":"closed","ping_status":"closed","template":"","meta":{"footnotes":""},"class_list":["post-52","page","type-page","status-publish","hentry"],"_links":{"self":[{"href":"http:\/\/horizonbilingue.com\/en\/wp-json\/wp\/v2\/pages\/52","targetHints":{"allow":["GET"]}}],"collection":[{"href":"http:\/\/horizonbilingue.com\/en\/wp-json\/wp\/v2\/pages"}],"about":[{"href":"http:\/\/horizonbilingue.com\/en\/wp-json\/wp\/v2\/types\/page"}],"author":[{"embeddable":true,"href":"http:\/\/horizonbilingue.com\/en\/wp-json\/wp\/v2\/users\/1"}],"replies":[{"embeddable":true,"href":"http:\/\/horizonbilingue.com\/en\/wp-json\/wp\/v2\/comments?post=52"}],"version-history":[{"count":5,"href":"http:\/\/horizonbilingue.com\/en\/wp-json\/wp\/v2\/pages\/52\/revisions"}],"predecessor-version":[{"id":382,"href":"http:\/\/horizonbilingue.com\/en\/wp-json\/wp\/v2\/pages\/52\/revisions\/382"}],"wp:attachment":[{"href":"http:\/\/horizonbilingue.com\/en\/wp-json\/wp\/v2\/media?parent=52"}],"curies":[{"name":"wp","href":"https:\/\/api.w.org\/{rel}","templated":true}]}}