{"id":373,"date":"2025-01-07T22:38:30","date_gmt":"2025-01-07T22:38:30","guid":{"rendered":"https:\/\/horizonbilingue.com\/?page_id=373"},"modified":"2025-01-16T15:49:11","modified_gmt":"2025-01-16T15:49:11","slug":"inscriptions","status":"publish","type":"page","link":"http:\/\/horizonbilingue.com\/en\/inscriptions\/","title":{"rendered":"Registration"},"content":{"rendered":"<p>The Horizon Bilingual School is a private, non-contractual institution that receives no financial aid from the government. All tuition fees are paid by the parents and potential donations.<\/p>\n\n\n\n<p>Tuition fees are detailed here-after. For registration, please contact us via the form in the \"Contact\" section of this website, or send us an email at: contact@horizonbilingue.com<\/p>\n\n\n\n<p><\/p>\n\n\n\n<p><strong>Tuition fees<\/strong><\/p>\n\n\n\n<p>Yearly subscription to the association: 35 euros<br>Yearly registration fees: 200 euros - these fees include school books and supplies.<\/p>\n\n\n\n<p>The following table indicates tarifs for September 2025. For the school year 2024-2025, the number of children does not allow a differentiation per \"Quotient Familial\", and the highest tarif is applicable to all. <\/p>\n\n\n\n<figure class=\"wp-block-table\"><table class=\"has-fixed-layout\"><tbody><tr><td class=\"has-text-align-center\" data-align=\"center\"><em>\"Quotient Familial\"<\/em><\/td><td class=\"has-text-align-center\" data-align=\"center\"><em>Monthly fee<\/em><\/td><td class=\"has-text-align-center\" data-align=\"center\"><em>Monthly fee for 2nd child<\/em><\/td><\/tr><tr><td class=\"has-text-align-center\" data-align=\"center\">&lt;1000<\/td><td class=\"has-text-align-center\" data-align=\"center\">500 euros<\/td><td class=\"has-text-align-center\" data-align=\"center\">450 euros<\/td><\/tr><tr><td class=\"has-text-align-center\" data-align=\"center\">1000 \u00e0 1500<\/td><td class=\"has-text-align-center\" data-align=\"center\">540 euros<\/td><td class=\"has-text-align-center\" data-align=\"center\">500 euros<\/td><\/tr><tr><td class=\"has-text-align-center\" data-align=\"center\">&gt;1500<\/td><td class=\"has-text-align-center\" data-align=\"center\">577 euros<\/td><td class=\"has-text-align-center\" data-align=\"center\">547 euros<\/td><\/tr><\/tbody><\/table><\/figure>\n\n\n\n<p>The costs indicated in the table are for a payment in 10 installments. When registering a child, a check corresponding to the payment for June of the following year is requested, which will be cashed in August before the start of the school year. Subsequent payments will be monthly, from September to May. In case of a single payment in September, the total amount is reduced by 5%.<\/p>\n\n\n\n<p><\/p>","protected":false},"excerpt":{"rendered":"<p>Le Coll\u00e8ge Horizon Bilingue est un \u00e9tablissement priv\u00e9 hors contrat qui ne per\u00e7oit aucune aide financi\u00e8re de l&rsquo;Etat. L&rsquo;ensemble des frais de scolarit\u00e9 sont pay\u00e9s par les parents et les dons \u00e9ventuels. Les frais de scolarit\u00e9s sont d\u00e9taill\u00e9s ci-dessous. Pour toute demande d&rsquo;inscription, vous pouvez nous contacter via le formulaire dans la section \u00ab\u00a0Contact\u00a0\u00bb de [&hellip;]<\/p>\n","protected":false},"author":1,"featured_media":0,"parent":0,"menu_order":0,"comment_status":"closed","ping_status":"closed","template":"","meta":{"footnotes":""},"class_list":["post-373","page","type-page","status-publish","hentry"],"_links":{"self":[{"href":"http:\/\/horizonbilingue.com\/en\/wp-json\/wp\/v2\/pages\/373","targetHints":{"allow":["GET"]}}],"collection":[{"href":"http:\/\/horizonbilingue.com\/en\/wp-json\/wp\/v2\/pages"}],"about":[{"href":"http:\/\/horizonbilingue.com\/en\/wp-json\/wp\/v2\/types\/page"}],"author":[{"embeddable":true,"href":"http:\/\/horizonbilingue.com\/en\/wp-json\/wp\/v2\/users\/1"}],"replies":[{"embeddable":true,"href":"http:\/\/horizonbilingue.com\/en\/wp-json\/wp\/v2\/comments?post=373"}],"version-history":[{"count":3,"href":"http:\/\/horizonbilingue.com\/en\/wp-json\/wp\/v2\/pages\/373\/revisions"}],"predecessor-version":[{"id":379,"href":"http:\/\/horizonbilingue.com\/en\/wp-json\/wp\/v2\/pages\/373\/revisions\/379"}],"wp:attachment":[{"href":"http:\/\/horizonbilingue.com\/en\/wp-json\/wp\/v2\/media?parent=373"}],"curies":[{"name":"wp","href":"https:\/\/api.w.org\/{rel}","templated":true}]}}