{"id":142,"date":"2024-07-26T11:34:56","date_gmt":"2024-07-26T09:34:56","guid":{"rendered":"https:\/\/horizonbilingue.wordpress.com\/?page_id=142"},"modified":"2024-07-26T11:34:56","modified_gmt":"2024-07-26T09:34:56","slug":"levaluation-des-competences","status":"publish","type":"page","link":"http:\/\/horizonbilingue.com\/en\/bienvenue\/levaluation-des-competences\/","title":{"rendered":"Assessments"},"content":{"rendered":"<p>Assessing acquired skills is a crucial step in the educational process, allowing for the measurement of students' progress and ensuring the achievement of learning objectives. This will be done as follows:<\/p>\n\n\n\n<p>&#8211; <strong>Creation of Portfolios:<\/strong> Teachers will guide students in creating portfolios showcasing their learning and accomplishments in various subjects and projects. These portfolios will include samples of students' work, reflections, and evidence of their evolution over time.<\/p>\n\n\n\n<p>&#8211; <strong>Self-assessment:<\/strong> Students will be encouraged to reflect on their own work and progress, evaluating their strengths, areas for improvement, and goals for future learning. This self-assessment component fosters metacognitive skills and ownership of learning.<\/p>\n\n\n\n<p>&#8211; <strong>Peer assessment:<\/strong> Students will engage in peer assessment exercises, providing feedback to their classmates on their work and contributions. Peer assessment encourages collaboration, communication skills, and constructive criticism.<\/p>\n\n\n\n<p>&#8211; <strong>Teacher assessment:<\/strong> Teachers will review and assess students' portfolios based on established criteria and learning objectives. They will provide feedback, guidance, and support to help students further develop their skills and understanding.<\/p>\n\n\n\n<p>&#8211; <strong>Public presentation:<\/strong> Students will have the opportunity to present their portfolios publicly, during parent-teacher conferences, open house events, or exhibitions. Public presentation allows students to demonstrate their learning, communication skills, and confidence in sharing their work with a wider audience.<\/p>\n\n\n\n<p>&#8211; <strong>Feedback and reflection:<\/strong> Following public presentations, students will receive feedback from teachers, peers, parents, and potentially other stakeholders. They will also engage in reflection activities to evaluate their presentation experience and identify areas for improvement.<\/p>","protected":false},"excerpt":{"rendered":"<p>L&rsquo;\u00e9valuation des comp\u00e9tences acquises constitue une \u00e9tape essentielle dans le processus \u00e9ducatif, permettant de mesurer la progression des \u00e9l\u00e8ves et de garantir l&rsquo;atteinte des objectifs d&rsquo;apprentissage. Ceci se fera de la mani\u00e8re suivante&nbsp;: &#8211; Cr\u00e9ation de \u00ab&nbsp;Portfolios&nbsp;\u00bb&nbsp;: Les enseignants guideront les \u00e9l\u00e8ves dans la cr\u00e9ation de dossiers, ou \u00ab&nbsp;portfolios&nbsp;\u00bb mettant en valeur leurs apprentissages et [&hellip;]<\/p>\n","protected":false},"author":1,"featured_media":0,"parent":52,"menu_order":4,"comment_status":"closed","ping_status":"closed","template":"","meta":{"footnotes":""},"class_list":["post-142","page","type-page","status-publish","hentry"],"_links":{"self":[{"href":"http:\/\/horizonbilingue.com\/en\/wp-json\/wp\/v2\/pages\/142","targetHints":{"allow":["GET"]}}],"collection":[{"href":"http:\/\/horizonbilingue.com\/en\/wp-json\/wp\/v2\/pages"}],"about":[{"href":"http:\/\/horizonbilingue.com\/en\/wp-json\/wp\/v2\/types\/page"}],"author":[{"embeddable":true,"href":"http:\/\/horizonbilingue.com\/en\/wp-json\/wp\/v2\/users\/1"}],"replies":[{"embeddable":true,"href":"http:\/\/horizonbilingue.com\/en\/wp-json\/wp\/v2\/comments?post=142"}],"version-history":[{"count":0,"href":"http:\/\/horizonbilingue.com\/en\/wp-json\/wp\/v2\/pages\/142\/revisions"}],"up":[{"embeddable":true,"href":"http:\/\/horizonbilingue.com\/en\/wp-json\/wp\/v2\/pages\/52"}],"wp:attachment":[{"href":"http:\/\/horizonbilingue.com\/en\/wp-json\/wp\/v2\/media?parent=142"}],"curies":[{"name":"wp","href":"https:\/\/api.w.org\/{rel}","templated":true}]}}