{"id":137,"date":"2024-07-24T14:14:15","date_gmt":"2024-07-24T12:14:15","guid":{"rendered":"https:\/\/horizonbilingue.wordpress.com\/lequipe-enseignante\/"},"modified":"2024-11-07T08:27:49","modified_gmt":"2024-11-07T08:27:49","slug":"lequipe-enseignante","status":"publish","type":"page","link":"http:\/\/horizonbilingue.com\/en\/bienvenue\/lequipe-enseignante\/","title":{"rendered":"Teaching staff"},"content":{"rendered":"<p>Our teaching staff consists of passionate and highly qualified professionals committed to providing quality education that fosters the overall development of each student. We are fortunate to have an English language teacher among us, holding masters degrees in both science and education, with diplomas in music, and trained in Montessori pedagogy. With nearly 20 years of teaching experience with children from 5 to 19 years old, outstanding interpersonal communication skills, and a student-centered approach, she provides students with unique development opportunities. French language instruction is provided by Christine, a librarian teacher with over 30 years of experience within the National Education system, from elementary to high school, who has also successfully prepared many students for the CAPES exam. Olivier shares his passion for history and geography; he has been teaching for over 10 years and combines experience as a corporate trainer with teaching in secondary and higher education. Julia, with her professional experience in industry, creative arts, and education, brings her passion for creativity and artistic expression, encouraging our students to develop their imagination and cultivate their aesthetic sensitivity. Thanks to Carmen and her 10 years of experience with teenagers and adults, children start speaking Spanish; with her training at the Cervantes Institute, she is passionate about Spanish and Latin American culture and is dedicated to sharing this passion with her students. The team is completed by Natacha, a sports coach for over 15 years, who energizes our youth with joy and good humor! The harmony and complementarity within the teaching team strengthen our ability to offer a holistic and quality education, meeting the varied needs of our students. At the head of the school, Eliska has many years of experience in teaching and training both children and adults, particularly in the environmental field. Her work experience has also led her to acquire strong managerial skills, in terms of project management, people supervision, and company leadership. These skills will ensure effective and caring management of the school on a daily basis.<\/p>","protected":false},"excerpt":{"rendered":"<p>Notre \u00e9quipe enseignante est compos\u00e9e de professionnels passionn\u00e9s et hautement qualifi\u00e9s, engag\u00e9s \u00e0 offrir une \u00e9ducation de qualit\u00e9 qui favorise le d\u00e9veloppement global de chaque \u00e9l\u00e8ve. Nous avons la chance de compter parmi nous une enseignante de langue anglaise, Carrie, dipl\u00f4m\u00e9e en sciences et en musique, et form\u00e9e \u00e0 la p\u00e9dagogie Montessori. Son exp\u00e9rience de [&hellip;]<\/p>\n","protected":false},"author":1,"featured_media":0,"parent":52,"menu_order":5,"comment_status":"closed","ping_status":"closed","template":"","meta":{"footnotes":""},"class_list":["post-137","page","type-page","status-publish","hentry"],"_links":{"self":[{"href":"http:\/\/horizonbilingue.com\/en\/wp-json\/wp\/v2\/pages\/137","targetHints":{"allow":["GET"]}}],"collection":[{"href":"http:\/\/horizonbilingue.com\/en\/wp-json\/wp\/v2\/pages"}],"about":[{"href":"http:\/\/horizonbilingue.com\/en\/wp-json\/wp\/v2\/types\/page"}],"author":[{"embeddable":true,"href":"http:\/\/horizonbilingue.com\/en\/wp-json\/wp\/v2\/users\/1"}],"replies":[{"embeddable":true,"href":"http:\/\/horizonbilingue.com\/en\/wp-json\/wp\/v2\/comments?post=137"}],"version-history":[{"count":1,"href":"http:\/\/horizonbilingue.com\/en\/wp-json\/wp\/v2\/pages\/137\/revisions"}],"predecessor-version":[{"id":339,"href":"http:\/\/horizonbilingue.com\/en\/wp-json\/wp\/v2\/pages\/137\/revisions\/339"}],"up":[{"embeddable":true,"href":"http:\/\/horizonbilingue.com\/en\/wp-json\/wp\/v2\/pages\/52"}],"wp:attachment":[{"href":"http:\/\/horizonbilingue.com\/en\/wp-json\/wp\/v2\/media?parent=137"}],"curies":[{"name":"wp","href":"https:\/\/api.w.org\/{rel}","templated":true}]}}