{"id":115,"date":"2024-07-24T13:40:25","date_gmt":"2024-07-24T11:40:25","guid":{"rendered":"https:\/\/horizonbilingue.wordpress.com\/les-engagements-de-chacun\/"},"modified":"2024-07-24T13:40:25","modified_gmt":"2024-07-24T11:40:25","slug":"les-engagements-de-chacun","status":"publish","type":"page","link":"http:\/\/horizonbilingue.com\/en\/bienvenue\/les-engagements-de-chacun\/","title":{"rendered":"Our respective commitments"},"content":{"rendered":"<p>We strongly believe that education is a collaborative effort involving the active engagement of every member of the educational community. Thus, teachers, parents, and students play a crucial role in realizing our educational vision. As part of our commitment to education quality and upholding the values of our school, each party agrees to sign our school charter. This charter embodies our fundamental values of kindness, respect, cooperation, autonomy, and communication, and symbolizes our shared desire to create an enriching and inclusive learning environment. Teachers commit to guiding and supporting students in their educational journey, ensuring they receive a quality education and develop their full potential. Parents commit to supporting their children's education by encouraging their learning, regularly communicating with the school, and actively participating in school life. As for students, they commit to respecting the school rules, demonstrating diligence in their studies, and positively contributing to the educational community. By signing the school charter, each member of our community acknowledges their role and responsibility in the success of our educational project and demonstrates their sincere desire to actively participate in this project.<\/p>","protected":false},"excerpt":{"rendered":"<p>Nous sommes profond\u00e9ment convaincus que l\u2019\u00e9ducation est un effort collaboratif impliquant l\u2019engagement actif de chaque membre de la communaut\u00e9 \u00e9ducative. Ainsi, enseignants, parents et \u00e9l\u00e8ves jouent un r\u00f4le crucial dans la r\u00e9alisation de notre vision \u00e9ducative. Dans le cadre de notre engagement envers la qualit\u00e9 de l\u2019\u00e9ducation et le respect des valeurs de notre \u00e9cole, [&hellip;]<\/p>\n","protected":false},"author":1,"featured_media":0,"parent":52,"menu_order":8,"comment_status":"closed","ping_status":"closed","template":"","meta":{"footnotes":""},"class_list":["post-115","page","type-page","status-publish","hentry"],"_links":{"self":[{"href":"http:\/\/horizonbilingue.com\/en\/wp-json\/wp\/v2\/pages\/115","targetHints":{"allow":["GET"]}}],"collection":[{"href":"http:\/\/horizonbilingue.com\/en\/wp-json\/wp\/v2\/pages"}],"about":[{"href":"http:\/\/horizonbilingue.com\/en\/wp-json\/wp\/v2\/types\/page"}],"author":[{"embeddable":true,"href":"http:\/\/horizonbilingue.com\/en\/wp-json\/wp\/v2\/users\/1"}],"replies":[{"embeddable":true,"href":"http:\/\/horizonbilingue.com\/en\/wp-json\/wp\/v2\/comments?post=115"}],"version-history":[{"count":0,"href":"http:\/\/horizonbilingue.com\/en\/wp-json\/wp\/v2\/pages\/115\/revisions"}],"up":[{"embeddable":true,"href":"http:\/\/horizonbilingue.com\/en\/wp-json\/wp\/v2\/pages\/52"}],"wp:attachment":[{"href":"http:\/\/horizonbilingue.com\/en\/wp-json\/wp\/v2\/media?parent=115"}],"curies":[{"name":"wp","href":"https:\/\/api.w.org\/{rel}","templated":true}]}}